{"id":1740,"date":"2020-11-11T14:21:03","date_gmt":"2020-11-11T14:21:03","guid":{"rendered":"http:\/\/domainedelageneste.com\/?page_id=1740"},"modified":"2025-01-31T13:22:25","modified_gmt":"2025-01-31T13:22:25","slug":"seminaires","status":"publish","type":"page","link":"https:\/\/domainedelageneste.com\/en\/seminaires\/","title":{"rendered":"Seminar"},"content":{"rendered":"<div class=\"vc_row wpb_row vc_row-fluid\"><div class=\"wpb_column vc_column_container vc_col-sm-3 vc_hidden-md vc_hidden-sm vc_hidden-xs\"><div class=\"vc_column-inner\"><div class=\"wpb_wrapper\"><div class=\"wpb_images_carousel wpb_content_element vc_clearfix\"><div class=\"wpb_wrapper\"><div id=\"vc_images-carousel-1-1776664624\" data-ride=\"vc_carousel\" data-wrap=\"true\" style=\"width: 200px;\" data-interval=\"3000\" data-auto-height=\"yes\" data-mode=\"horizontal\" data-partial=\"true\" data-per-view=\"1\" data-hide-on-end=\"false\" class=\"vc_slide vc_images_carousel\"><div class=\"vc_carousel-inner\"><div class=\"vc_carousel-slideline\"><div class=\"vc_carousel-slideline-inner\"><div class=\"vc_item\"><div class=\"vc_inner\"><a class=\"prettyphoto\" href=\"https:\/\/domainedelageneste.com\/wp-content\/uploads\/2020\/11\/IMG_0275-768x1024.jpg\" data-rel=\"prettyPhoto[rel-1740-1032554923]\"><img loading=\"lazy\" decoding=\"async\" class=\"\" src=\"https:\/\/domainedelageneste.com\/wp-content\/uploads\/2020\/11\/IMG_0275-200x200.jpg\" width=\"200\" height=\"200\" alt=\"IMG_0275\" title=\"IMG_0275\" \/><\/a><\/div><\/div><div class=\"vc_item\"><div class=\"vc_inner\"><a class=\"prettyphoto\" href=\"https:\/\/domainedelageneste.com\/wp-content\/uploads\/2020\/11\/IMG_0303-768x1024.jpg\" data-rel=\"prettyPhoto[rel-1740-1032554923]\"><img loading=\"lazy\" decoding=\"async\" class=\"\" src=\"https:\/\/domainedelageneste.com\/wp-content\/uploads\/2020\/11\/IMG_0303-200x200.jpg\" width=\"200\" height=\"200\" alt=\"IMG_0303\" title=\"IMG_0303\" \/><\/a><\/div><\/div><div class=\"vc_item\"><div class=\"vc_inner\"><a class=\"prettyphoto\" href=\"https:\/\/domainedelageneste.com\/wp-content\/uploads\/2020\/11\/IMG_4465-768x1024.jpg\" data-rel=\"prettyPhoto[rel-1740-1032554923]\"><img loading=\"lazy\" decoding=\"async\" class=\"\" src=\"https:\/\/domainedelageneste.com\/wp-content\/uploads\/2020\/11\/IMG_4465-scaled-200x200.jpg\" width=\"200\" height=\"200\" alt=\"IMG_4465\" title=\"IMG_4465\" \/><\/a><\/div><\/div><div class=\"vc_item\"><div class=\"vc_inner\"><a class=\"prettyphoto\" href=\"https:\/\/domainedelageneste.com\/wp-content\/uploads\/2020\/11\/IMG_4478-1024x768.jpg\" data-rel=\"prettyPhoto[rel-1740-1032554923]\"><img loading=\"lazy\" decoding=\"async\" class=\"\" src=\"https:\/\/domainedelageneste.com\/wp-content\/uploads\/2020\/11\/IMG_4478-scaled-200x200.jpg\" width=\"200\" height=\"200\" alt=\"IMG_4478\" title=\"IMG_4478\" \/><\/a><\/div><\/div><\/div><\/div><\/div><\/div><\/div><\/div><\/div><\/div><\/div><div class=\"wpb_column vc_column_container vc_col-sm-9\"><div class=\"vc_column-inner\"><div class=\"wpb_wrapper\">\n\t<div class=\"wpb_text_column wpb_content_element \" >\n\t\t<div class=\"wpb_wrapper\">\n\t\t\t<p style=\"text-align: center;\">Le Domaine de la Geneste accueille vos \u00e9v\u00e9nements d&rsquo;entreprise : comit\u00e9, diner de gala, journ\u00e9e d\u2019\u00e9tude, s\u00e9minaire r\u00e9sidentiel, etc.<\/p>\n<p style=\"text-align: center;\">Aux portes de la Vall\u00e9e de Chevreuse, \u00e0 30 minutes de Paris, vous serez accueillis dans un cadre chaleureux et reposant o\u00f9 le seul mot d\u2019ordre est : faites comme chez vous.<\/p>\n<p style=\"text-align: center;\">Isabelle et ses enfants vous ferons vivre une exp\u00e9rience sur mesure comme \u00e0 la maison.<\/p>\n<p style=\"text-align: center;\">Nos chefs partenaires vous proposent le menu id\u00e9al pour votre \u00e9v\u00e9nement.<\/p>\n\n\t\t<\/div>\n\t<\/div>\n<\/div><\/div><\/div><div class=\"wpb_column vc_column_container vc_col-sm-12\"><div class=\"vc_column-inner\"><div class=\"wpb_wrapper\">\n\t<div  class=\"wpb_single_image wpb_content_element vc_align_center\">\n\t\t\n\t\t<figure class=\"wpb_wrapper vc_figure\">\n\t\t\t<div class=\"vc_single_image-wrapper   vc_box_border_grey\"><img loading=\"lazy\" decoding=\"async\" class=\"vc_single_image-img \" src=\"https:\/\/domainedelageneste.com\/wp-content\/uploads\/2020\/11\/separation-200x30.png\" width=\"200\" height=\"30\" alt=\"s\u00e9paration\" title=\"s\u00e9paration\" \/><\/div>\n\t\t<\/figure>\n\t<\/div>\n<\/div><\/div><\/div><\/div><div class=\"vc_row wpb_row vc_row-fluid\"><div class=\"wpb_column vc_column_container vc_col-sm-3\"><div class=\"vc_column-inner\"><div class=\"wpb_wrapper\">\n\t<div class=\"wpb_text_column wpb_content_element  vc_custom_1605107312828\" >\n\t\t<div class=\"wpb_wrapper\">\n\t\t\t<h6 style=\"text-align: center;\">Ecrin de verdure<\/h6>\n\n\t\t<\/div>\n\t<\/div>\n\n\t<div  class=\"wpb_single_image wpb_content_element vc_align_center\">\n\t\t\n\t\t<figure class=\"wpb_wrapper vc_figure\">\n\t\t\t<div class=\"vc_single_image-wrapper vc_box_shadow  vc_box_border_grey\"><img loading=\"lazy\" decoding=\"async\" class=\"vc_single_image-img \" src=\"https:\/\/domainedelageneste.com\/wp-content\/uploads\/2020\/04\/vue-parc--300x200.jpg\" width=\"300\" height=\"200\" alt=\"vue parc\" title=\"vue parc\" \/><\/div>\n\t\t<\/figure>\n\t<\/div>\n<\/div><\/div><\/div><div class=\"wpb_column vc_column_container vc_col-sm-3\"><div class=\"vc_column-inner\"><div class=\"wpb_wrapper\">\n\t<div class=\"wpb_text_column wpb_content_element  vc_custom_1605107326110\" >\n\t\t<div class=\"wpb_wrapper\">\n\t\t\t<h6 style=\"text-align: center;\">Salons haussmanniens<\/h6>\n\n\t\t<\/div>\n\t<\/div>\n\n\t<div  class=\"wpb_single_image wpb_content_element vc_align_center\">\n\t\t\n\t\t<figure class=\"wpb_wrapper vc_figure\">\n\t\t\t<div class=\"vc_single_image-wrapper vc_box_shadow  vc_box_border_grey\"><img loading=\"lazy\" decoding=\"async\" class=\"vc_single_image-img \" src=\"https:\/\/domainedelageneste.com\/wp-content\/uploads\/2019\/01\/domaine-de-la-geneste-33-300x200.jpg\" width=\"300\" height=\"200\" alt=\"grand salon\" title=\"grand salon\" \/><\/div>\n\t\t<\/figure>\n\t<\/div>\n<\/div><\/div><\/div><div class=\"wpb_column vc_column_container vc_col-sm-3\"><div class=\"vc_column-inner\"><div class=\"wpb_wrapper\">\n\t<div class=\"wpb_text_column wpb_content_element  vc_custom_1605106552283\" >\n\t\t<div class=\"wpb_wrapper\">\n\t\t\t<h6 style=\"text-align: center;\">Equipement technique<\/h6>\n\n\t\t<\/div>\n\t<\/div>\n\n\t<div  class=\"wpb_single_image wpb_content_element vc_align_center\">\n\t\t\n\t\t<figure class=\"wpb_wrapper vc_figure\">\n\t\t\t<div class=\"vc_single_image-wrapper vc_box_shadow  vc_box_border_grey\"><img loading=\"lazy\" decoding=\"async\" class=\"vc_single_image-img \" src=\"https:\/\/domainedelageneste.com\/wp-content\/uploads\/2020\/11\/IMG_0275-300x200.jpg\" width=\"300\" height=\"200\" alt=\"IMG_0275\" title=\"IMG_0275\" \/><\/div>\n\t\t<\/figure>\n\t<\/div>\n<\/div><\/div><\/div><div class=\"wpb_column vc_column_container vc_col-sm-3\"><div class=\"vc_column-inner\"><div class=\"wpb_wrapper\">\n\t<div class=\"wpb_text_column wpb_content_element  vc_custom_1605107204985\" >\n\t\t<div class=\"wpb_wrapper\">\n\t\t\t<h6 style=\"text-align: center;\">Team Building<\/h6>\n\n\t\t<\/div>\n\t<\/div>\n\n\t<div  class=\"wpb_single_image wpb_content_element vc_align_center\">\n\t\t\n\t\t<figure class=\"wpb_wrapper vc_figure\">\n\t\t\t<div class=\"vc_single_image-wrapper vc_box_shadow  vc_box_border_grey\"><img loading=\"lazy\" decoding=\"async\" class=\"vc_single_image-img \" src=\"https:\/\/domainedelageneste.com\/wp-content\/uploads\/2019\/01\/9juin12-163-300x200.jpg\" width=\"300\" height=\"200\" alt=\"foot dans le parc\" title=\"foot dans le parc\" \/><\/div>\n\t\t<\/figure>\n\t<\/div>\n<\/div><\/div><\/div><\/div><div class=\"vc_row wpb_row vc_row-fluid\"><div class=\"wpb_column vc_column_container vc_col-sm-3\"><div class=\"vc_column-inner\"><div class=\"wpb_wrapper\">\n\t<div class=\"wpb_text_column wpb_content_element  vc_custom_1605107215486\" >\n\t\t<div class=\"wpb_wrapper\">\n\t\t\t<h6 style=\"text-align: center;\">G\u00eetes atypiques<\/h6>\n\n\t\t<\/div>\n\t<\/div>\n\n\t<div  class=\"wpb_single_image wpb_content_element vc_align_center\">\n\t\t\n\t\t<figure class=\"wpb_wrapper vc_figure\">\n\t\t\t<div class=\"vc_single_image-wrapper vc_box_shadow  vc_box_border_grey\"><img loading=\"lazy\" decoding=\"async\" class=\"vc_single_image-img \" src=\"https:\/\/domainedelageneste.com\/wp-content\/uploads\/2019\/01\/DSC_2701-250x350-250x170.jpg\" width=\"250\" height=\"170\" alt=\"la Tour\" title=\"la Tour\" \/><\/div>\n\t\t<\/figure>\n\t<\/div>\n<\/div><\/div><\/div><div class=\"wpb_column vc_column_container vc_col-sm-3\"><div class=\"vc_column-inner\"><div class=\"wpb_wrapper\">\n\t<div class=\"wpb_text_column wpb_content_element  vc_custom_1605107302516\" >\n\t\t<div class=\"wpb_wrapper\">\n\t\t\t<h6 style=\"text-align: center;\">Cuisine sur place<\/h6>\n\n\t\t<\/div>\n\t<\/div>\n\n\t<div  class=\"wpb_single_image wpb_content_element vc_align_center\">\n\t\t\n\t\t<figure class=\"wpb_wrapper vc_figure\">\n\t\t\t<div class=\"vc_single_image-wrapper vc_box_shadow  vc_box_border_grey\"><img loading=\"lazy\" decoding=\"async\" class=\"vc_single_image-img \" src=\"https:\/\/domainedelageneste.com\/wp-content\/uploads\/2020\/11\/IMG_4478-scaled-300x200.jpg\" width=\"300\" height=\"200\" alt=\"IMG_4478\" title=\"IMG_4478\" \/><\/div>\n\t\t<\/figure>\n\t<\/div>\n<\/div><\/div><\/div><div class=\"wpb_column vc_column_container vc_col-sm-3\"><div class=\"vc_column-inner\"><div class=\"wpb_wrapper\">\n\t<div class=\"wpb_text_column wpb_content_element  vc_custom_1738329740304\" >\n\t\t<div class=\"wpb_wrapper\">\n\t\t\t<h6 style=\"text-align: center;\">Jusque 30 personnes<\/h6>\n\n\t\t<\/div>\n\t<\/div>\n\n\t<div  class=\"wpb_single_image wpb_content_element vc_align_center\">\n\t\t\n\t\t<figure class=\"wpb_wrapper vc_figure\">\n\t\t\t<div class=\"vc_single_image-wrapper vc_box_shadow  vc_box_border_grey\"><img loading=\"lazy\" decoding=\"async\" class=\"vc_single_image-img \" src=\"https:\/\/domainedelageneste.com\/wp-content\/uploads\/2020\/03\/nmc-lab-300x200.jpg\" width=\"300\" height=\"200\" alt=\"nmc lab\" title=\"nmc lab\" \/><\/div>\n\t\t<\/figure>\n\t<\/div>\n<\/div><\/div><\/div><div class=\"wpb_column vc_column_container vc_col-sm-3\"><div class=\"vc_column-inner\"><div class=\"wpb_wrapper\">\n\t<div class=\"wpb_text_column wpb_content_element  vc_custom_1605107382796\" >\n\t\t<div class=\"wpb_wrapper\">\n\t\t\t<h6 style=\"text-align: center;\">Projet sur mesure<\/h6>\n\n\t\t<\/div>\n\t<\/div>\n\n\t<div  class=\"wpb_single_image wpb_content_element vc_align_center\">\n\t\t\n\t\t<figure class=\"wpb_wrapper vc_figure\">\n\t\t\t<div class=\"vc_single_image-wrapper vc_box_shadow  vc_box_border_grey\"><img loading=\"lazy\" decoding=\"async\" class=\"vc_single_image-img \" src=\"https:\/\/domainedelageneste.com\/wp-content\/uploads\/2020\/11\/IMG_4465-1-1-scaled-300x200.jpg\" width=\"300\" height=\"200\" alt=\"IMG_4465 (1)\" title=\"IMG_4465 (1)\" \/><\/div>\n\t\t<\/figure>\n\t<\/div>\n<\/div><\/div><\/div><\/div><div class=\"vc_row wpb_row vc_row-fluid\"><div class=\"wpb_column vc_column_container vc_col-sm-12\"><div class=\"vc_column-inner\"><div class=\"wpb_wrapper\">\n\t<div  class=\"wpb_single_image wpb_content_element vc_align_center\">\n\t\t\n\t\t<figure class=\"wpb_wrapper vc_figure\">\n\t\t\t<div class=\"vc_single_image-wrapper   vc_box_border_grey\"><img loading=\"lazy\" decoding=\"async\" class=\"vc_single_image-img \" src=\"https:\/\/domainedelageneste.com\/wp-content\/uploads\/2020\/11\/separation-200x30.png\" width=\"200\" height=\"30\" alt=\"s\u00e9paration\" title=\"s\u00e9paration\" \/><\/div>\n\t\t<\/figure>\n\t<\/div>\n\n\t<div class=\"wpb_text_column wpb_content_element \" >\n\t\t<div class=\"wpb_wrapper\">\n\t\t\t<p style=\"text-align: center;\">Contactez-nous et r\u00e9alisez toutes vos envies.<\/p>\n<p style=\"text-align: center;\">Nous nous ferons une joie de travailler avec vous pour offrir \u00e0 vos collaborateurs l&rsquo;\u00e9v\u00e9nement d&rsquo;entreprise parfait !<\/p>\n\n\t\t<\/div>\n\t<\/div>\n\n<div class=\"wpcf7 no-js\" id=\"wpcf7-f8-o1\" lang=\"en-US\" dir=\"ltr\" data-wpcf7-id=\"8\">\n<div class=\"screen-reader-response\"><p role=\"status\" aria-live=\"polite\" aria-atomic=\"true\"><\/p> <ul><\/ul><\/div>\n<form action=\"\/en\/wp-json\/wp\/v2\/pages\/1740#wpcf7-f8-o1\" method=\"post\" class=\"wpcf7-form init\" aria-label=\"Contact form\" novalidate=\"novalidate\" data-status=\"init\">\n<fieldset class=\"hidden-fields-container\"><input type=\"hidden\" name=\"_wpcf7\" value=\"8\" \/><input type=\"hidden\" name=\"_wpcf7_version\" value=\"6.1.5\" \/><input type=\"hidden\" name=\"_wpcf7_locale\" value=\"en_US\" \/><input type=\"hidden\" name=\"_wpcf7_unit_tag\" value=\"wpcf7-f8-o1\" \/><input type=\"hidden\" name=\"_wpcf7_container_post\" value=\"0\" \/><input type=\"hidden\" name=\"_wpcf7_posted_data_hash\" value=\"\" \/><input type=\"hidden\" name=\"_wpcf7_recaptcha_response\" value=\"\" \/>\n<\/fieldset>\n<p><label> Votre nom et pr\u00e9nom (n\u00e9cessaire)<br \/>\n<span class=\"wpcf7-form-control-wrap\" data-name=\"your-name\"><input size=\"40\" maxlength=\"400\" class=\"wpcf7-form-control wpcf7-text wpcf7-validates-as-required\" aria-required=\"true\" aria-invalid=\"false\" value=\"\" type=\"text\" name=\"your-name\" \/><\/span> <\/label>\n<\/p>\n<p><label> Votre adresse mail (n\u00e9cessaire)<br \/>\n<span class=\"wpcf7-form-control-wrap\" data-name=\"your-email\"><input size=\"40\" maxlength=\"400\" class=\"wpcf7-form-control wpcf7-email wpcf7-validates-as-required wpcf7-text wpcf7-validates-as-email\" aria-required=\"true\" aria-invalid=\"false\" value=\"\" type=\"email\" name=\"your-email\" \/><\/span> <\/label>\n<\/p>\n<p><label> Votre num\u00e9ro de t\u00e9l\u00e9phone<br \/>\n<span class=\"wpcf7-form-control-wrap\" data-name=\"Tel\"><input size=\"40\" maxlength=\"400\" class=\"wpcf7-form-control wpcf7-tel wpcf7-validates-as-required wpcf7-text wpcf7-validates-as-tel\" aria-required=\"true\" aria-invalid=\"false\" value=\"\" type=\"tel\" name=\"Tel\" \/><\/span><\/label>\n<\/p>\n<p><label> L'objet de votre demande<br \/>\n<span class=\"wpcf7-form-control-wrap\" data-name=\"your-subject\"><input size=\"40\" maxlength=\"400\" class=\"wpcf7-form-control wpcf7-text\" aria-invalid=\"false\" value=\"\" type=\"text\" name=\"your-subject\" \/><\/span> <\/label>\n<\/p>\n<p><label> Votre demande<br \/>\n<span class=\"wpcf7-form-control-wrap\" data-name=\"your-message\"><textarea cols=\"40\" rows=\"10\" maxlength=\"2000\" class=\"wpcf7-form-control wpcf7-textarea\" aria-invalid=\"false\" name=\"your-message\"><\/textarea><\/span> <\/label>\n<\/p>\n<p><input class=\"wpcf7-form-control wpcf7-submit has-spinner\" type=\"submit\" value=\"Envoyer la demande\" \/>\n<\/p><div class=\"wpcf7-response-output\" aria-hidden=\"true\"><\/div>\n<\/form>\n<\/div>\n<\/div><\/div><\/div><\/div>\n","protected":false},"excerpt":{"rendered":"Le Domaine de la Geneste accueille vos \u00e9v\u00e9nements d'entreprise : comit\u00e9, diner de gala, journ\u00e9e d\u2019\u00e9tude, s\u00e9minaire r\u00e9sidentiel, etc. Aux portes de la Vall\u00e9e &hellip; <a href=\"https:\/\/domainedelageneste.com\/en\/seminaires\/\" class=\"readmore\">More <span class=\"screen-reader-text\">Seminar<\/span> &raquo;<\/a>","protected":false},"author":2,"featured_media":0,"parent":0,"menu_order":0,"comment_status":"closed","ping_status":"closed","template":"template-fullwidth.php","meta":{"footnotes":""},"class_list":["post-1740","page","type-page","status-publish","hentry"],"_links":{"self":[{"href":"https:\/\/domainedelageneste.com\/en\/wp-json\/wp\/v2\/pages\/1740","targetHints":{"allow":["GET"]}}],"collection":[{"href":"https:\/\/domainedelageneste.com\/en\/wp-json\/wp\/v2\/pages"}],"about":[{"href":"https:\/\/domainedelageneste.com\/en\/wp-json\/wp\/v2\/types\/page"}],"author":[{"embeddable":true,"href":"https:\/\/domainedelageneste.com\/en\/wp-json\/wp\/v2\/users\/2"}],"replies":[{"embeddable":true,"href":"https:\/\/domainedelageneste.com\/en\/wp-json\/wp\/v2\/comments?post=1740"}],"version-history":[{"count":17,"href":"https:\/\/domainedelageneste.com\/en\/wp-json\/wp\/v2\/pages\/1740\/revisions"}],"predecessor-version":[{"id":2308,"href":"https:\/\/domainedelageneste.com\/en\/wp-json\/wp\/v2\/pages\/1740\/revisions\/2308"}],"wp:attachment":[{"href":"https:\/\/domainedelageneste.com\/en\/wp-json\/wp\/v2\/media?parent=1740"}],"curies":[{"name":"wp","href":"https:\/\/api.w.org\/{rel}","templated":true}]}}