{"id":2,"date":"2018-09-16T18:59:00","date_gmt":"2018-09-16T18:59:00","guid":{"rendered":"http:\/\/domainedelageneste2.local\/?page_id=2"},"modified":"2025-10-07T15:27:10","modified_gmt":"2025-10-07T15:27:10","slug":"accueil","status":"publish","type":"page","link":"https:\/\/domainedelageneste.com\/en\/","title":{"rendered":"Accueil"},"content":{"rendered":"<div class=\"vc_row wpb_row vc_row-fluid\"><div class=\"wpb_column vc_column_container vc_col-sm-12\"><div class=\"vc_column-inner\"><div class=\"wpb_wrapper\">\n<div class=\"vc_grid-container-wrapper vc_clearfix\">\n\t<div class=\"vc_grid-container vc_clearfix wpb_content_element vc_masonry_media_grid\" data-initial-loading-animation=\"zoomIn\" data-vc-grid-settings=\"{&quot;page_id&quot;:2,&quot;style&quot;:&quot;lazy-masonry&quot;,&quot;action&quot;:&quot;vc_get_vc_grid_data&quot;,&quot;shortcode_id&quot;:&quot;1759850778232-6654af68-20ef-8&quot;,&quot;items_per_page&quot;:&quot;10&quot;,&quot;tag&quot;:&quot;vc_masonry_media_grid&quot;}\" data-vc-request=\"https:\/\/domainedelageneste.com\/wp-admin\/admin-ajax.php\" data-vc-post-id=\"2\" data-vc-public-nonce=\"a5d0d53f2a\">\n\t\t\n\t<\/div>\n<\/div><\/div><\/div><\/div><\/div><div class=\"vc_row wpb_row vc_row-fluid\"><div class=\"wpb_column vc_column_container vc_col-sm-12\"><div class=\"vc_column-inner\"><div class=\"wpb_wrapper\">\n\t<div class=\"wpb_raw_code wpb_content_element wpb_raw_html\" >\n\t\t<div class=\"wpb_wrapper\">\n\t\t\t<p><font color=\"white\">The Domaine de la Geneste in Chateaufort, near Paris, offers gites, a park, a castle for all your events, weddings, birthdays, seminars and owner's stables with a show jumping and dressage ring.<\/font><\/p>\n\t\t<\/div>\n\t<\/div>\n<\/div><\/div><\/div><\/div>","protected":false},"excerpt":{"rendered":"Le domaine de la Geneste \u00e0 Chateaufort, pr\u00e8s de Paris, propose des g\u00eetes, un parc, un ch\u00e2teau pour tous vos \u00e9v\u00e9nements, mariages, anniversaires, s\u00e9minaires &hellip; <a href=\"https:\/\/domainedelageneste.com\/en\/\" class=\"readmore\">More <span class=\"screen-reader-text\">Accueil<\/span> &raquo;<\/a>","protected":false},"author":1,"featured_media":0,"parent":0,"menu_order":0,"comment_status":"closed","ping_status":"closed","template":"template-fullwidth.php","meta":{"footnotes":""},"class_list":["post-2","page","type-page","status-publish","hentry"],"_links":{"self":[{"href":"https:\/\/domainedelageneste.com\/en\/wp-json\/wp\/v2\/pages\/2","targetHints":{"allow":["GET"]}}],"collection":[{"href":"https:\/\/domainedelageneste.com\/en\/wp-json\/wp\/v2\/pages"}],"about":[{"href":"https:\/\/domainedelageneste.com\/en\/wp-json\/wp\/v2\/types\/page"}],"author":[{"embeddable":true,"href":"https:\/\/domainedelageneste.com\/en\/wp-json\/wp\/v2\/users\/1"}],"replies":[{"embeddable":true,"href":"https:\/\/domainedelageneste.com\/en\/wp-json\/wp\/v2\/comments?post=2"}],"version-history":[{"count":67,"href":"https:\/\/domainedelageneste.com\/en\/wp-json\/wp\/v2\/pages\/2\/revisions"}],"predecessor-version":[{"id":2392,"href":"https:\/\/domainedelageneste.com\/en\/wp-json\/wp\/v2\/pages\/2\/revisions\/2392"}],"wp:attachment":[{"href":"https:\/\/domainedelageneste.com\/en\/wp-json\/wp\/v2\/media?parent=2"}],"curies":[{"name":"wp","href":"https:\/\/api.w.org\/{rel}","templated":true}]}}