{"id":99,"date":"2018-09-18T09:06:55","date_gmt":"2018-09-18T09:06:55","guid":{"rendered":"http:\/\/domainedelageneste2.local\/?page_id=99"},"modified":"2025-09-23T07:31:09","modified_gmt":"2025-09-23T07:31:09","slug":"ecuries","status":"publish","type":"page","link":"https:\/\/domainedelageneste.com\/en\/ecuries\/","title":{"rendered":"Stables"},"content":{"rendered":"<div class=\"vc_row wpb_row vc_row-fluid\"><div class=\"wpb_column vc_column_container vc_col-sm-12\"><div class=\"vc_column-inner\"><div class=\"wpb_wrapper\">\n\t<div class=\"wpb_text_column wpb_content_element\" >\n\t\t<div class=\"wpb_wrapper\">\n\t\t\t<h3><\/h3>\n<h2 style=\"text-align: center;\">Facilities<\/h2>\n\n\t\t<\/div>\n\t<\/div>\n<div class=\"vc_empty_space\"   style=\"height: 25px\"><span class=\"vc_empty_space_inner\"><\/span><\/div><\/div><\/div><\/div><\/div><div class=\"vc_row wpb_row vc_row-fluid pointer-events:none; display:block;\"><div class=\"pointer-events:none ; display:block; wpb_column vc_column_container vc_col-sm-12\"><div class=\"vc_column-inner\"><div class=\"wpb_wrapper\">\n<div class=\"vc_grid-container-wrapper vc_clearfix\">\n\t<div class=\"vc_grid-container vc_clearfix wpb_content_element vc_media_grid\" data-initial-loading-animation=\"none\" data-vc-grid-settings=\"{&quot;page_id&quot;:99,&quot;style&quot;:&quot;all&quot;,&quot;action&quot;:&quot;vc_get_vc_grid_data&quot;,&quot;shortcode_id&quot;:&quot;1745415368370-6fd15ab7-5beb-6&quot;,&quot;tag&quot;:&quot;vc_media_grid&quot;}\" data-vc-request=\"https:\/\/domainedelageneste.com\/wp-admin\/admin-ajax.php\" data-vc-post-id=\"99\" data-vc-public-nonce=\"a5d0d53f2a\">\n\t\t\n\t<\/div>\n<\/div><\/div><\/div><\/div><\/div><div class=\"vc_row wpb_row vc_row-fluid\"><div class=\"wpb_column vc_column_container vc_col-sm-12\"><div class=\"vc_column-inner\"><div class=\"wpb_wrapper\">\n\t<div  class=\"wpb_single_image wpb_content_element vc_align_center\">\n\t\t\n\t\t<figure class=\"wpb_wrapper vc_figure\">\n\t\t\t<div class=\"vc_single_image-wrapper   vc_box_border_grey\"><img loading=\"lazy\" decoding=\"async\" class=\"vc_single_image-img\" src=\"https:\/\/domainedelageneste.com\/wp-content\/uploads\/2020\/11\/separation-200x30.png\" width=\"200\" height=\"30\" alt=\"s\u00e9paration\" title=\"s\u00e9paration\" \/><\/div>\n\t\t<\/figure>\n\t<\/div>\n\n\t<div class=\"wpb_text_column wpb_content_element\" >\n\t\t<div class=\"wpb_wrapper\">\n\t\t\t<h3><\/h3>\n<h2 style=\"text-align: center;\">Services<\/h2>\n\n\t\t<\/div>\n\t<\/div>\n<div class=\"vc_empty_space\"   style=\"height: 25px\"><span class=\"vc_empty_space_inner\"><\/span><\/div><\/div><\/div><\/div><\/div><div class=\"vc_row wpb_row vc_row-fluid\"><div class=\"wpb_column vc_column_container vc_col-sm-4\"><div class=\"vc_column-inner\"><div class=\"wpb_wrapper\">\n\t<div  class=\"wpb_single_image wpb_content_element vc_align_center\">\n\t\t\n\t\t<figure class=\"wpb_wrapper vc_figure\">\n\t\t\t<div class=\"vc_single_image-wrapper vc_box_circle  vc_box_border_grey\"><img loading=\"lazy\" decoding=\"async\" width=\"150\" height=\"150\" src=\"https:\/\/domainedelageneste.com\/wp-content\/uploads\/2022\/12\/les-4-chevaux-pasik-150x150.jpg\" class=\"vc_single_image-img attachment-thumbnail\" alt=\"\" srcset=\"https:\/\/domainedelageneste.com\/wp-content\/uploads\/2022\/12\/les-4-chevaux-pasik-150x150.jpg 150w, https:\/\/domainedelageneste.com\/wp-content\/uploads\/2022\/12\/les-4-chevaux-pasik-400x400.jpg 400w\" sizes=\"auto, (max-width: 150px) 100vw, 150px\" \/><\/div>\n\t\t<\/figure>\n\t<\/div>\n\n\t<div class=\"wpb_text_column wpb_content_element\" >\n\t\t<div class=\"wpb_wrapper\">\n\t\t\t<h5 style=\"text-align: center;\"><strong>Pension boxe paddock <\/strong><\/h5>\n<p class=\"font_8\" style=\"text-align: center;\"><span class=\"color_11\">Straw box<\/span><\/p>\n<p style=\"text-align: center;\">Feed three times a day<\/p>\n<p style=\"text-align: center;\">Hay two times a day<\/p>\n<p class=\"font_8\" style=\"text-align: center;\"><span class=\"color_11\">At the paddock once a day<\/span><\/p>\n<p style=\"text-align: center;\"><strong>784 \u20ac\/mois<\/strong><\/p>\n\n\t\t<\/div>\n\t<\/div>\n<\/div><\/div><\/div><div class=\"wpb_column vc_column_container vc_col-sm-4\"><div class=\"vc_column-inner\"><div class=\"wpb_wrapper\">\n\t<div  class=\"wpb_single_image wpb_content_element vc_align_center\">\n\t\t\n\t\t<figure class=\"wpb_wrapper vc_figure\">\n\t\t\t<div class=\"vc_single_image-wrapper vc_box_circle  vc_box_border_grey\"><img loading=\"lazy\" decoding=\"async\" width=\"150\" height=\"150\" src=\"https:\/\/domainedelageneste.com\/wp-content\/uploads\/2019\/01\/Les-parcs-150x150.jpg\" class=\"vc_single_image-img attachment-thumbnail\" alt=\"\" \/><\/div>\n\t\t<\/figure>\n\t<\/div>\n\n\t<div class=\"wpb_text_column wpb_content_element\" >\n\t\t<div class=\"wpb_wrapper\">\n\t\t\t<h5 style=\"text-align: center;\"><strong>Meadow pension <\/strong><span class=\"wixGuard\">\u200b<\/span><\/h5>\n<p class=\"font_8\" style=\"text-align: center;\"><span class=\"color_11\">Meadow with shelters<\/span><\/p>\n<p class=\"font_8\" style=\"text-align: center;\"><span class=\"color_11\">Supplement hay if necessary<\/span><\/p>\n<p style=\"text-align: center;\"><strong>320 \u20ac\/mois<\/strong><\/p>\n\n\t\t<\/div>\n\t<\/div>\n<\/div><\/div><\/div><div class=\"wpb_column vc_column_container vc_col-sm-4\"><div class=\"vc_column-inner\"><div class=\"wpb_wrapper\">\n\t<div  class=\"wpb_single_image wpb_content_element vc_align_center\">\n\t\t\n\t\t<figure class=\"wpb_wrapper vc_figure\">\n\t\t\t<div class=\"vc_single_image-wrapper vc_box_circle  vc_box_border_grey\"><img loading=\"lazy\" decoding=\"async\" width=\"150\" height=\"150\" src=\"https:\/\/domainedelageneste.com\/wp-content\/uploads\/2019\/02\/ollywood--150x150.jpg\" class=\"vc_single_image-img attachment-thumbnail\" alt=\"\" srcset=\"https:\/\/domainedelageneste.com\/wp-content\/uploads\/2019\/02\/ollywood--150x150.jpg 150w, https:\/\/domainedelageneste.com\/wp-content\/uploads\/2019\/02\/ollywood--400x400.jpg 400w\" sizes=\"auto, (max-width: 150px) 100vw, 150px\" \/><\/div>\n\t\t<\/figure>\n\t<\/div>\n\n\t<div class=\"wpb_text_column wpb_content_element\" >\n\t\t<div class=\"wpb_wrapper\">\n\t\t\t<h5 style=\"text-align: center;\"><strong>Pension Boxe Paddock \/ pr\u00e9<\/strong><\/h5>\n<p style=\"text-align: center;\">4 mois au pr\u00e9 \/ 8 mois en boxe Paddock<\/p>\n<p style=\"text-align: center;\"><strong>629 \u20ac\/mois<\/strong><\/p>\n\n\t\t<\/div>\n\t<\/div>\n<\/div><\/div><\/div><\/div><div class=\"vc_row wpb_row vc_row-fluid display: block\"><div class=\"wpb_column vc_column_container vc_col-sm-12\"><div class=\"vc_column-inner\"><div class=\"wpb_wrapper\">\n\t<div class=\"wpb_text_column wpb_content_element\" >\n\t\t<div class=\"wpb_wrapper\">\n\t\t\t<p>Les prix affich\u00e9s ne comprennent pas la ferrure, les frais v\u00e9t\u00e9rinaires, les vermifuges et les frais de pharmacie. Ces derniers sont en facturation directe.<\/p>\n<p>Un mois de caution et un pr\u00e9avis d\u2019un mois sont demand\u00e9s. La pension est \u00e0 r\u00e9gler avant le 5 de chaque mois par virement bancaire uniquement.<\/p>\n\n\t\t<\/div>\n\t<\/div>\n<div class=\"vc_empty_space\"   style=\"height: 25px\"><span class=\"vc_empty_space_inner\"><\/span><\/div>\n\t<div  class=\"wpb_single_image wpb_content_element vc_align_center\">\n\t\t\n\t\t<figure class=\"wpb_wrapper vc_figure\">\n\t\t\t<div class=\"vc_single_image-wrapper   vc_box_border_grey\"><img loading=\"lazy\" decoding=\"async\" class=\"vc_single_image-img\" src=\"https:\/\/domainedelageneste.com\/wp-content\/uploads\/2020\/11\/separation-200x30.png\" width=\"200\" height=\"30\" alt=\"s\u00e9paration\" title=\"s\u00e9paration\" \/><\/div>\n\t\t<\/figure>\n\t<\/div>\n\n\t<div class=\"wpb_text_column wpb_content_element\" >\n\t\t<div class=\"wpb_wrapper\">\n\t\t\t<h3><\/h3>\n<h2 style=\"text-align: center;\">Take lessons<\/h2>\n\n\t\t<\/div>\n\t<\/div>\n<div class=\"vc_empty_space  vc_custom_1549148652210\"   style=\"height: 25px\"><span class=\"vc_empty_space_inner\"><\/span><\/div><\/div><\/div><\/div><\/div><div class=\"vc_row wpb_row vc_row-fluid\"><div class=\"wpb_column vc_column_container vc_col-sm-6\"><div class=\"vc_column-inner\"><div class=\"wpb_wrapper\">\n\t<div  class=\"wpb_single_image wpb_content_element vc_align_center\">\n\t\t\n\t\t<figure class=\"wpb_wrapper vc_figure\">\n\t\t\t<div class=\"vc_single_image-wrapper   vc_box_border_grey\"><img loading=\"lazy\" decoding=\"async\" class=\"vc_single_image-img\" src=\"https:\/\/domainedelageneste.com\/wp-content\/uploads\/2023\/01\/IMG_2269-scaled-1400x760.jpg\" width=\"1400\" height=\"760\" alt=\"IMG_2269\" title=\"IMG_2269\" \/><\/div>\n\t\t<\/figure>\n\t<\/div>\n<\/div><\/div><\/div><div class=\"wpb_column vc_column_container vc_col-sm-6\"><div class=\"vc_column-inner\"><div class=\"wpb_wrapper\"><style><\/style><div class=\"withemes-element wpb_content_element withemes-element-testimonial\" id=\"testimonial-1\"><div class=\"wi-testimonial align-left\"><div class=\"testimonial-content\"><p style=\"text-align: center;\"><strong>Laureline Decelle<\/strong>, Formatrice \u00e0 l&rsquo;Ecurie de la Genest<\/p>\n<p style=\"text-align: center;\">\u201cCavali\u00e8re professionnelle depuis plus de 15 ans, j\u2019offre des services complets autour de l\u2019enseignement de l\u2019\u00e9quitation et la valorisation de chevaux en CSO, CCE et dressage.\u201d<\/p>\n<p style=\"text-align: center;\"><strong>Marine Herbelot<\/strong>, Formatrice \u00e0 l&rsquo;Ecurie de la Geneste<\/p>\n<p style=\"text-align: center;\">\u00ab\u00a0Enseignante sp\u00e9cialis\u00e9e en \u00e9quitation \u00e9thologique, je vous accompagne dans le cadre de cours, de d\u00e9bourrages, ainsi que dans la r\u00e9solution de probl\u00e8mes sp\u00e9cifiques (gestion du stress, chargement dans le van, s\u00e9curit\u00e9 en ext\u00e9rieure \u2026)\u00a0\u00bb<\/p>\n<\/div><\/div><\/div><\/div><\/div><\/div><\/div><div class=\"vc_row wpb_row vc_row-fluid\"><div class=\"wpb_column vc_column_container vc_col-sm-12\"><div class=\"vc_column-inner\"><div class=\"wpb_wrapper\"><\/div><\/div><\/div><\/div>","protected":false},"excerpt":{"rendered":"Les installations Les prestations Pension boxe paddock Box sur paille Grain 3 fois\/jour Foin 2 fois\/jour Sorti au paddock 784 \u20ac\/mois Pension pr\u00e9 \u200b &hellip; <a href=\"https:\/\/domainedelageneste.com\/en\/ecuries\/\" class=\"readmore\">More <span class=\"screen-reader-text\">Stables<\/span> &raquo;<\/a>","protected":false},"author":1,"featured_media":0,"parent":0,"menu_order":0,"comment_status":"closed","ping_status":"closed","template":"template-fullwidth.php","meta":{"footnotes":""},"class_list":["post-99","page","type-page","status-publish","hentry"],"_links":{"self":[{"href":"https:\/\/domainedelageneste.com\/en\/wp-json\/wp\/v2\/pages\/99","targetHints":{"allow":["GET"]}}],"collection":[{"href":"https:\/\/domainedelageneste.com\/en\/wp-json\/wp\/v2\/pages"}],"about":[{"href":"https:\/\/domainedelageneste.com\/en\/wp-json\/wp\/v2\/types\/page"}],"author":[{"embeddable":true,"href":"https:\/\/domainedelageneste.com\/en\/wp-json\/wp\/v2\/users\/1"}],"replies":[{"embeddable":true,"href":"https:\/\/domainedelageneste.com\/en\/wp-json\/wp\/v2\/comments?post=99"}],"version-history":[{"count":100,"href":"https:\/\/domainedelageneste.com\/en\/wp-json\/wp\/v2\/pages\/99\/revisions"}],"predecessor-version":[{"id":2372,"href":"https:\/\/domainedelageneste.com\/en\/wp-json\/wp\/v2\/pages\/99\/revisions\/2372"}],"wp:attachment":[{"href":"https:\/\/domainedelageneste.com\/en\/wp-json\/wp\/v2\/media?parent=99"}],"curies":[{"name":"wp","href":"https:\/\/api.w.org\/{rel}","templated":true}]}}